{"id":2262,"date":"2024-03-26T08:02:39","date_gmt":"2024-03-26T08:02:39","guid":{"rendered":"https:\/\/demo.bravisthemes.com\/gurus\/?page_id=2262"},"modified":"2025-08-24T10:58:18","modified_gmt":"2025-08-24T10:58:18","slug":"company-history","status":"publish","type":"page","link":"https:\/\/nuve.ee\/et\/company-history\/","title":{"rendered":"Ajalugu"},"content":{"rendered":"<div data-elementor-type=\"wp-page\" data-elementor-id=\"2262\" class=\"elementor elementor-2262\" data-elementor-post-type=\"page\">\n\t\t\t\t        <section class=\"elementor-section elementor-top-section elementor-element elementor-element-db1aef6 elementor-section-stretched elementor-section-boxed elementor-section-height-default elementor-section-height-default pxl-row-scroll-none pxl-zoom-point-false pxl-section-overflow-visible pxl-section-fix-none pxl-bg-color-none pxl-section-overlay-none\" data-id=\"db1aef6\" data-element_type=\"section\" data-e-type=\"section\" data-settings=\"{&quot;stretch_section&quot;:&quot;section-stretched&quot;}\">\n\n                \n                <div class=\"elementor-container elementor-column-gap-extended\">\n                <div class=\"elementor-column elementor-col-100 elementor-top-column elementor-element elementor-element-02c2654 pxl-column-none pxl-column-overflow-hidden-no\" data-id=\"02c2654\" data-element_type=\"column\" data-e-type=\"column\">\r\n        <div class=\"elementor-widget-wrap elementor-element-populated\">\r\n                     \r\n        \t\t<div class=\"elementor-element elementor-element-60feb77 elementor-widget__width-auto elementor-widget-laptop__width-initial elementor-widget-tablet__width-initial elementor-widget-mobile_extra__width-inherit elementor-widget elementor-widget-pxl_heading\" data-id=\"60feb77\" data-element_type=\"widget\" data-e-type=\"widget\" data-widget_type=\"pxl_heading.default\">\n\t\t\t\t<div class=\"elementor-widget-container\">\n\t\t\t\t\t\n<div id=\"pxl-pxl_heading-60feb77-6665\" class=\"pxl-heading\" >\n\t<div class=\"pxl-heading--container\" >\n\t\t<div class=\"pxl-heading--inner\">\n\t\t\t\t\t\t\t\t\t<h2 class=\"pxl-item--title pxl-heading-style-1  wow fadeInUp\" data-wow-delay=\"ms\">\n\t\t\t\t\u00dcle             <span class=\"pxl-title--highlight\">\n                20 aasta kogemust            <\/span>\n         Balti kinnisvaraturul\t\t\t\t\t\n\t\t\t\t\t\t\t<\/h2>\n\t\t<\/div>\n\t\t\n\t<\/div>\n<\/div>\n\t\t\t\t<\/div>\n\t\t\t\t<\/div>\n\t\t\t\t<div class=\"elementor-element elementor-element-2996b49 elementor-widget__width-auto elementor-widget-laptop__width-initial elementor-widget-tablet__width-initial elementor-widget-mobile_extra__width-inherit elementor-widget elementor-widget-pxl_text_editor\" data-id=\"2996b49\" data-element_type=\"widget\" data-e-type=\"widget\" data-widget_type=\"pxl_text_editor.default\">\n\t\t\t\t<div class=\"elementor-widget-container\">\n\t\t\t\t\t<div class=\"pxl-text-editor\">\n\t<div class=\"pxl-item--inner pxl-p2\" data-wow-delay=\"ms\">\n\t\t<p>Nuve Partnersi meeskonnal on pikaajaline kogemus <strong data-start=\"346\" data-end=\"388\">kinnisvaraarenduse <\/strong>ja<strong data-start=\"346\" data-end=\"388\"> juhtimise<\/strong> alal \u00e4rikinnisvara, elamute ning logistikasektoris. Meeskonnal on p\u00f5hjalikud teadmised <strong data-start=\"467\" data-end=\"486\">fondide juhtimises<\/strong>ning kogemus nii <strong data-start=\"506\" data-end=\"540\">institutsionaalse kapitali investeerimisel<\/strong> kui ka <strong data-start=\"545\" data-end=\"580\">institutsionaalsete investorite n\u00f5ustamisel<\/strong> suurte eratehingute ning avaliku ja erasektori partnerluse (PPP) projektide puhul kogu Balti regioonis.<\/p>\t\t\n\t<\/div>\n<\/div>\t\t\t\t<\/div>\n\t\t\t\t<\/div>\n\t\t            <\/div>\r\n        <\/div>\r\n        \t\t\t<\/div>\n\t\t<\/section>\n\t\t        <section class=\"elementor-section elementor-top-section elementor-element elementor-element-b7ca24e elementor-section-stretched elementor-section-boxed elementor-section-height-default elementor-section-height-default pxl-row-scroll-none pxl-zoom-point-false pxl-section-overflow-visible pxl-section-fix-none pxl-bg-color-none pxl-section-overlay-none\" data-id=\"b7ca24e\" data-element_type=\"section\" data-e-type=\"section\" data-settings=\"{&quot;stretch_section&quot;:&quot;section-stretched&quot;}\">\n\n                \n                <div class=\"elementor-container elementor-column-gap-extended\">\n                <div class=\"elementor-column elementor-col-100 elementor-top-column elementor-element elementor-element-edb1fe1 pxl-column-none pxl-column-overflow-hidden-no\" data-id=\"edb1fe1\" data-element_type=\"column\" data-e-type=\"column\">\r\n        <div class=\"elementor-widget-wrap elementor-element-populated\">\r\n                     \r\n        \t\t<div class=\"elementor-element elementor-element-31ff123 elementor-widget elementor-widget-pxl_history\" data-id=\"31ff123\" data-element_type=\"widget\" data-e-type=\"widget\" data-widget_type=\"pxl_history.default\">\n\t\t\t\t<div class=\"elementor-widget-container\">\n\t\t\t\t\t\r\n    <div class=\"pxl-history timeline-alternating\" data-wow-delay=\"ms\">\r\n                    <div class=\"pxl-item--container\">\r\n                <div class=\"pxl-item--inner\">\r\n                    <!-- Show index -->\r\n                    <div class=\"pxl-item--index pxl-flex-center\">\r\n                        <p class=\"pxl-item--number pxl-flex-center h5 pxl-white pxl-bg-blue-1\"> 1<\/p>\r\n                    <\/div>\r\n                    <div class=\"pxl-item--info\">\r\n                        <!-- Title -->\r\n                        <h4 class=\"pxl-item--title el-empty pxl-dark-100\">9 aastat eelnevat kogemust<\/h4>\r\n                        <!-- Description -->\r\n                        <div class=\"pxl-item--content el-empty pxl-dark-slate pxl-p3\">\r\n                            Enne Nuve Partnersi asutamist t\u00f6\u00f6tas Raiko Uri U.S. Investis, Trigon Capitalis ja EEREIFis ning kogus ulatusliku kogemuse kinnisvarainvesteeringute ja -arenduse vallas. Aastatel 2011\u20132014 juhtis ta Telliskivi Loomelinnakut, millest on saanud \u00fcks Eesti edukamaid ja uuenduslikumaid linnaruumi taaselustamise projekte. Lauri Henno t\u00f5i kogemuse Rotermanni Grupist, U.S. Real Estate\u2019ist ja Maximast, kus ta vastutas kinnisvaraarenduse eest.                        <\/div>\r\n                    <\/div>     \r\n                <\/div>\r\n            <\/div>\r\n                    <div class=\"pxl-item--container\">\r\n                <div class=\"pxl-item--inner\">\r\n                    <!-- Show index -->\r\n                    <div class=\"pxl-item--index pxl-flex-center\">\r\n                        <p class=\"pxl-item--number pxl-flex-center h5 pxl-white pxl-bg-blue-1\"> 2<\/p>\r\n                    <\/div>\r\n                    <div class=\"pxl-item--info\">\r\n                        <!-- Title -->\r\n                        <h4 class=\"pxl-item--title el-empty pxl-dark-100\">Kujunemisaastad (2013-2015)<\/h4>\r\n                        <!-- Description -->\r\n                        <div class=\"pxl-item--content el-empty pxl-dark-slate pxl-p3\">\r\n                            Nuve Partnersi esimene suurem n\u00f5ustamisprojekt oli EEREIFi fondi varade m\u00fc\u00fcgiprotsessi juhtimine selle kavandatud likvideerimise ajal. Samuti n\u00f5ustas ettev\u00f5te LCN Capital Partnersit Raadiku munitsipaalkorterite portfelli (1215 korterit) omandamisel \u2013 \u00fcks Eesti suurimaid avaliku ja erasektori partnerluse (PPP) tehinguid. Samal ajal alustati erinevate arendus- ja kinnisvaraprojektide juhtimist erainvestorite jaoks.                        <\/div>\r\n                    <\/div>     \r\n                <\/div>\r\n            <\/div>\r\n                    <div class=\"pxl-item--container\">\r\n                <div class=\"pxl-item--inner\">\r\n                    <!-- Show index -->\r\n                    <div class=\"pxl-item--index pxl-flex-center\">\r\n                        <p class=\"pxl-item--number pxl-flex-center h5 pxl-white pxl-bg-blue-1\"> 3<\/p>\r\n                    <\/div>\r\n                    <div class=\"pxl-item--info\">\r\n                        <!-- Title -->\r\n                        <h4 class=\"pxl-item--title el-empty pxl-dark-100\">Retail Property Fund (2017-)<\/h4>\r\n                        <!-- Description -->\r\n                        <div class=\"pxl-item--content el-empty pxl-dark-slate pxl-p3\">\r\n                            Nuve Partners k\u00e4ivitas 20-aastase fondi, mille ankurinvestoriks on Swedbanki Eesti pensionifondid. Fond investeerib toidupoodidega seotud kaubanduspindadesse ja kodul\u00e4hedastesse kaubanduskeskustesse, millel on suur k\u00fclastatavus ja stabiilne rahavoog. Praegu kuulub fondi portfelli 22 kinnisvaraobjekti Eestis ja L\u00e4tis, kus ankur\u00fc\u00fcrnikeks on Rimi, Selver ja Maxima.                        <\/div>\r\n                    <\/div>     \r\n                <\/div>\r\n            <\/div>\r\n                    <div class=\"pxl-item--container\">\r\n                <div class=\"pxl-item--inner\">\r\n                    <!-- Show index -->\r\n                    <div class=\"pxl-item--index pxl-flex-center\">\r\n                        <p class=\"pxl-item--number pxl-flex-center h5 pxl-white pxl-bg-blue-1\"> 4<\/p>\r\n                    <\/div>\r\n                    <div class=\"pxl-item--info\">\r\n                        <!-- Title -->\r\n                        <h4 class=\"pxl-item--title el-empty pxl-dark-100\">Elamukinnisvara ja jagunemine (2016-2024)<\/h4>\r\n                        <!-- Description -->\r\n                        <div class=\"pxl-item--content el-empty pxl-dark-slate pxl-p3\">\r\n                            Nuve Partners arendas ja haldas aktiivselt elamukinnisvara, sh \u00fc\u00fcrimaju, koost\u00f6\u00f6s LHV pensionifondide ja BTA Kindlustusega.\n2024. aastal toimus strateegiline ettev\u00f5tte jagunemine: elamukinnisvara\u00e4ri j\u00e4tkas Lumi Capitali kaubam\u00e4rgi all, samas kui \u00f5igusj\u00e4rglane v\u00f5ttis uue nime Nuve Partners ja keskendus n\u00f5ustamisele ning \u00e4rikinnisvarale.                        <\/div>\r\n                    <\/div>     \r\n                <\/div>\r\n            <\/div>\r\n                    <div class=\"pxl-item--container\">\r\n                <div class=\"pxl-item--inner\">\r\n                    <!-- Show index -->\r\n                    <div class=\"pxl-item--index pxl-flex-center\">\r\n                        <p class=\"pxl-item--number pxl-flex-center h5 pxl-white pxl-bg-blue-1\"> 5<\/p>\r\n                    <\/div>\r\n                    <div class=\"pxl-item--info\">\r\n                        <!-- Title -->\r\n                        <h4 class=\"pxl-item--title el-empty pxl-dark-100\">Net Lease for Future Fund (2025-)<\/h4>\r\n                        <!-- Description -->\r\n                        <div class=\"pxl-item--content el-empty pxl-dark-slate pxl-p3\">\r\n                            2025. aastal k\u00e4ivitas Nuve Partners fondi Net Lease for Future, mille fookuses on \u00fche \u00fc\u00fcrnikuga kinnisvara pikkade ja katkestamatute \u00fc\u00fcrilepingutega. Fondi esmane portfell h\u00f5lmab kahte investeeringut viie kinnisvaraobjektiga, pakkudes pikaajalist stabiilsust ja kassavoogu.                        <\/div>\r\n                    <\/div>     \r\n                <\/div>\r\n            <\/div>\r\n           \r\n    <\/div>\r\n\t\t\t\t<\/div>\n\t\t\t\t<\/div>\n\t\t            <\/div>\r\n        <\/div>\r\n        \t\t\t<\/div>\n\t\t<\/section>\n\t\t\t\t<\/div>","protected":false},"excerpt":{"rendered":"<p>Over 20 years of experience in the Baltic property markets The team behind Nuve Partners has a long-standing track record in real estate development and management across commercial, residential, and logistics sectors. With deep expertise in fund management, the team has both deployed institutional capital as well as advised institutional investors on major private and [&hellip;]<\/p>\n","protected":false},"author":1,"featured_media":0,"parent":0,"menu_order":0,"comment_status":"closed","ping_status":"closed","template":"","meta":{"iawp_total_views":116,"footnotes":""},"class_list":["post-2262","page","type-page","status-publish","hentry"],"_links":{"self":[{"href":"https:\/\/nuve.ee\/et\/wp-json\/wp\/v2\/pages\/2262","targetHints":{"allow":["GET"]}}],"collection":[{"href":"https:\/\/nuve.ee\/et\/wp-json\/wp\/v2\/pages"}],"about":[{"href":"https:\/\/nuve.ee\/et\/wp-json\/wp\/v2\/types\/page"}],"author":[{"embeddable":true,"href":"https:\/\/nuve.ee\/et\/wp-json\/wp\/v2\/users\/1"}],"replies":[{"embeddable":true,"href":"https:\/\/nuve.ee\/et\/wp-json\/wp\/v2\/comments?post=2262"}],"version-history":[{"count":27,"href":"https:\/\/nuve.ee\/et\/wp-json\/wp\/v2\/pages\/2262\/revisions"}],"predecessor-version":[{"id":26084,"href":"https:\/\/nuve.ee\/et\/wp-json\/wp\/v2\/pages\/2262\/revisions\/26084"}],"wp:attachment":[{"href":"https:\/\/nuve.ee\/et\/wp-json\/wp\/v2\/media?parent=2262"}],"curies":[{"name":"wp","href":"https:\/\/api.w.org\/{rel}","templated":true}]}}