{"id":2240,"date":"2024-03-26T06:39:46","date_gmt":"2024-03-26T06:39:46","guid":{"rendered":"https:\/\/demo.bravisthemes.com\/gurus\/?page_id=2240"},"modified":"2025-08-15T08:45:17","modified_gmt":"2025-08-15T08:45:17","slug":"who-we-work-with","status":"publish","type":"page","link":"https:\/\/nuve.ee\/et\/who-we-work-with\/","title":{"rendered":"Kliendid"},"content":{"rendered":"<div data-elementor-type=\"wp-page\" data-elementor-id=\"2240\" class=\"elementor elementor-2240\" data-elementor-post-type=\"page\">\n\t\t\t\t        <section class=\"elementor-section elementor-top-section elementor-element elementor-element-8713853 elementor-section-stretched elementor-section-boxed elementor-section-height-default elementor-section-height-default pxl-row-scroll-none pxl-zoom-point-false pxl-section-overflow-visible pxl-section-fix-none pxl-bg-color-none pxl-section-overlay-none\" data-id=\"8713853\" data-element_type=\"section\" data-e-type=\"section\" data-settings=\"{&quot;stretch_section&quot;:&quot;section-stretched&quot;}\">\n\n                \n                <div class=\"elementor-container elementor-column-gap-extended\">\n                <div class=\"elementor-column elementor-col-100 elementor-top-column elementor-element elementor-element-886bead pxl-column-none pxl-column-overflow-hidden-no\" data-id=\"886bead\" data-element_type=\"column\" data-e-type=\"column\">\r\n        <div class=\"elementor-widget-wrap elementor-element-populated\">\r\n                     \r\n        \t\t<div class=\"elementor-element elementor-element-78ddcee elementor-widget__width-auto elementor-widget-laptop__width-initial elementor-widget-tablet__width-inherit elementor-widget elementor-widget-pxl_heading\" data-id=\"78ddcee\" data-element_type=\"widget\" data-e-type=\"widget\" data-widget_type=\"pxl_heading.default\">\n\t\t\t\t<div class=\"elementor-widget-container\">\n\t\t\t\t\t\n<div id=\"pxl-pxl_heading-78ddcee-9553\" class=\"pxl-heading\" >\n\t<div class=\"pxl-heading--container\" >\n\t\t<div class=\"pxl-heading--inner\">\n\t\t\t\t\t\t\t\t\t<h2 class=\"pxl-item--title pxl-heading-style-1  wow fadeInUp\" data-wow-delay=\"ms\">\n\t\t\t\tP\u00fcsiv v\u00e4\u00e4rtus tekib siis, kui             <span class=\"pxl-title--highlight\">\n                \u00fc\u00fcrnike            <\/span>\n         ja             <span class=\"pxl-title--highlight\">\n                kinnisvaraomanike            <\/span>\n         huvid on koosk\u00f5las\t\t\t\t\t\n\t\t\t\t\t\t\t<\/h2>\n\t\t<\/div>\n\t\t\n\t<\/div>\n<\/div>\n\t\t\t\t<\/div>\n\t\t\t\t<\/div>\n\t\t\t\t<div class=\"elementor-element elementor-element-488e1ae elementor-widget__width-auto elementor-widget-laptop__width-initial elementor-widget-tablet__width-inherit elementor-widget elementor-widget-pxl_text_editor\" data-id=\"488e1ae\" data-element_type=\"widget\" data-e-type=\"widget\" data-widget_type=\"pxl_text_editor.default\">\n\t\t\t\t<div class=\"elementor-widget-container\">\n\t\t\t\t\t<div class=\"pxl-text-editor\">\n\t<div class=\"pxl-item--inner pxl-p2\" data-wow-delay=\"ms\">\n\t\t<p style=\"margin-bottom: 20px\">Nuve Partners t\u00f6\u00f6tab iga p\u00e4ev selle nimel, et huvide koosk\u00f5la saavutada.<\/p><p style=\"margin-bottom: 20px\">Meil on au teenindada mitut piirkonna juhtivat jaem\u00fc\u00fcgiketti, luues neile tulevikukindla ja kvaliteetse keskkonna, kus nad saavad oma kliente paremini teenindada.<\/p><p style=\"margin-bottom: 20px\">Oleme seotud iga kinnisvaraobjektiga igap\u00e4evaselt. Selline otsene osalemine v\u00f5imaldab meil reageerida kiiresti, tegutseda l\u00e4bim\u00f5eldult ja luua p\u00fcsivat v\u00e4\u00e4rtust nii investoritele kui ka hoonete kasutajatele.<\/p>\t\t\n\t<\/div>\n<\/div>\t\t\t\t<\/div>\n\t\t\t\t<\/div>\n\t\t            <\/div>\r\n        <\/div>\r\n        \t\t\t<\/div>\n\t\t<\/section>\n\t\t        <section class=\"elementor-section elementor-top-section elementor-element elementor-element-c13b44d elementor-section-stretched elementor-section-boxed elementor-section-height-default elementor-section-height-default pxl-row-scroll-none pxl-zoom-point-false pxl-section-overflow-visible pxl-section-fix-none pxl-bg-color-none pxl-section-overlay-none\" data-id=\"c13b44d\" data-element_type=\"section\" data-e-type=\"section\" data-settings=\"{&quot;background_background&quot;:&quot;classic&quot;,&quot;stretch_section&quot;:&quot;section-stretched&quot;}\">\n\n                \n                <div class=\"elementor-container elementor-column-gap-extended\">\n                <div class=\"elementor-column elementor-col-100 elementor-top-column elementor-element elementor-element-86667a9 pxl-column-none pxl-column-overflow-hidden-no\" data-id=\"86667a9\" data-element_type=\"column\" data-e-type=\"column\">\r\n        <div class=\"elementor-widget-wrap elementor-element-populated\">\r\n                     \r\n        \t\t<div class=\"elementor-element elementor-element-5df85d9 elementor-widget elementor-widget-pxl_image_grid\" data-id=\"5df85d9\" data-element_type=\"widget\" data-e-type=\"widget\" data-widget_type=\"pxl_image_grid.default\">\n\t\t\t\t<div class=\"elementor-widget-container\">\n\t\t\t\t\t\r\n    <div class=\"pxl-grid pxl-image-grid pxl-image-grid1\">\r\n        <div class=\"pxl-grid-inner\">\r\n                            <div class=\"pxl-item elementor-repeater-item-df944c0   wow fadeInUp\">\r\n                                            <div class=\"pxl-item--image\" data-parallax-value=\"50\">\r\n                            <img fetchpriority=\"high\" decoding=\"async\" width=\"300\" height=\"300\" src=\"https:\/\/nuve.ee\/wp-content\/uploads\/2025\/07\/Rimi.png\" class=\"attachment-full\" alt=\"\" srcset=\"https:\/\/nuve.ee\/wp-content\/uploads\/2025\/07\/Rimi.png 300w, https:\/\/nuve.ee\/wp-content\/uploads\/2025\/07\/Rimi-150x150.png 150w, https:\/\/nuve.ee\/wp-content\/uploads\/2025\/07\/Rimi-50x50.png 50w, https:\/\/nuve.ee\/wp-content\/uploads\/2025\/07\/Rimi-100x100.png 100w\" sizes=\"(max-width: 300px) 100vw, 300px\" \/>                        <\/div>\r\n                                    <\/div>\r\n                            <div class=\"pxl-item elementor-repeater-item-b5e4e40   wow fadeInUp\">\r\n                                            <div class=\"pxl-item--image\" data-parallax-value=\"60\">\r\n                            <img decoding=\"async\" width=\"300\" height=\"300\" src=\"https:\/\/nuve.ee\/wp-content\/uploads\/2025\/07\/Maxima-2.png\" class=\"attachment-full\" alt=\"\" srcset=\"https:\/\/nuve.ee\/wp-content\/uploads\/2025\/07\/Maxima-2.png 300w, https:\/\/nuve.ee\/wp-content\/uploads\/2025\/07\/Maxima-2-150x150.png 150w, https:\/\/nuve.ee\/wp-content\/uploads\/2025\/07\/Maxima-2-50x50.png 50w, https:\/\/nuve.ee\/wp-content\/uploads\/2025\/07\/Maxima-2-100x100.png 100w\" sizes=\"(max-width: 300px) 100vw, 300px\" \/>                        <\/div>\r\n                                    <\/div>\r\n                            <div class=\"pxl-item elementor-repeater-item-b9a2c5c   wow fadeInUp\">\r\n                                            <div class=\"pxl-item--image\" data-parallax-value=\"70\">\r\n                            <img decoding=\"async\" width=\"300\" height=\"300\" src=\"https:\/\/nuve.ee\/wp-content\/uploads\/2025\/07\/Selver-2.png\" class=\"attachment-full\" alt=\"\" srcset=\"https:\/\/nuve.ee\/wp-content\/uploads\/2025\/07\/Selver-2.png 300w, https:\/\/nuve.ee\/wp-content\/uploads\/2025\/07\/Selver-2-150x150.png 150w, https:\/\/nuve.ee\/wp-content\/uploads\/2025\/07\/Selver-2-50x50.png 50w, https:\/\/nuve.ee\/wp-content\/uploads\/2025\/07\/Selver-2-100x100.png 100w\" sizes=\"(max-width: 300px) 100vw, 300px\" \/>                        <\/div>\r\n                                    <\/div>\r\n                            <div class=\"pxl-item elementor-repeater-item-970909f   wow fadeInUp\">\r\n                                            <div class=\"pxl-item--image\" data-parallax-value=\"80\">\r\n                            <img loading=\"lazy\" decoding=\"async\" width=\"300\" height=\"300\" src=\"https:\/\/nuve.ee\/wp-content\/uploads\/2025\/07\/MyFitness-1.png\" class=\"attachment-full\" alt=\"\" srcset=\"https:\/\/nuve.ee\/wp-content\/uploads\/2025\/07\/MyFitness-1.png 300w, https:\/\/nuve.ee\/wp-content\/uploads\/2025\/07\/MyFitness-1-150x150.png 150w, https:\/\/nuve.ee\/wp-content\/uploads\/2025\/07\/MyFitness-1-50x50.png 50w, https:\/\/nuve.ee\/wp-content\/uploads\/2025\/07\/MyFitness-1-100x100.png 100w\" sizes=\"(max-width: 300px) 100vw, 300px\" \/>                        <\/div>\r\n                                    <\/div>\r\n                            <div class=\"pxl-item elementor-repeater-item-dc06c83   wow fadeInUp\">\r\n                                            <div class=\"pxl-item--image\" data-parallax-value=\"90\">\r\n                            <img loading=\"lazy\" decoding=\"async\" width=\"300\" height=\"300\" src=\"https:\/\/nuve.ee\/wp-content\/uploads\/2025\/07\/Moller-Auto-1.png\" class=\"attachment-full\" alt=\"\" srcset=\"https:\/\/nuve.ee\/wp-content\/uploads\/2025\/07\/Moller-Auto-1.png 300w, https:\/\/nuve.ee\/wp-content\/uploads\/2025\/07\/Moller-Auto-1-150x150.png 150w, https:\/\/nuve.ee\/wp-content\/uploads\/2025\/07\/Moller-Auto-1-50x50.png 50w, https:\/\/nuve.ee\/wp-content\/uploads\/2025\/07\/Moller-Auto-1-100x100.png 100w\" sizes=\"(max-width: 300px) 100vw, 300px\" \/>                        <\/div>\r\n                                    <\/div>\r\n                            <div class=\"pxl-item elementor-repeater-item-7c46df9   wow fadeInUp\">\r\n                                            <div class=\"pxl-item--image\" data-parallax-value=\"100\">\r\n                            <img loading=\"lazy\" decoding=\"async\" width=\"300\" height=\"300\" src=\"https:\/\/nuve.ee\/wp-content\/uploads\/2025\/07\/Amserv.png\" class=\"attachment-full\" alt=\"\" srcset=\"https:\/\/nuve.ee\/wp-content\/uploads\/2025\/07\/Amserv.png 300w, https:\/\/nuve.ee\/wp-content\/uploads\/2025\/07\/Amserv-150x150.png 150w, https:\/\/nuve.ee\/wp-content\/uploads\/2025\/07\/Amserv-50x50.png 50w, https:\/\/nuve.ee\/wp-content\/uploads\/2025\/07\/Amserv-100x100.png 100w\" sizes=\"(max-width: 300px) 100vw, 300px\" \/>                        <\/div>\r\n                                    <\/div>\r\n                            <div class=\"pxl-item elementor-repeater-item-17889d4   wow fadeInUp\">\r\n                                            <div class=\"pxl-item--image\" data-parallax-value=\"110\">\r\n                            <img loading=\"lazy\" decoding=\"async\" width=\"300\" height=\"300\" src=\"https:\/\/nuve.ee\/wp-content\/uploads\/2025\/07\/Pepco.png\" class=\"attachment-full\" alt=\"\" srcset=\"https:\/\/nuve.ee\/wp-content\/uploads\/2025\/07\/Pepco.png 300w, https:\/\/nuve.ee\/wp-content\/uploads\/2025\/07\/Pepco-150x150.png 150w, https:\/\/nuve.ee\/wp-content\/uploads\/2025\/07\/Pepco-50x50.png 50w, https:\/\/nuve.ee\/wp-content\/uploads\/2025\/07\/Pepco-100x100.png 100w\" sizes=\"(max-width: 300px) 100vw, 300px\" \/>                        <\/div>\r\n                                    <\/div>\r\n                            <div class=\"pxl-item elementor-repeater-item-a4ac397   wow fadeInUp\">\r\n                                            <div class=\"pxl-item--image\" data-parallax-value=\"120\">\r\n                            <img loading=\"lazy\" decoding=\"async\" width=\"300\" height=\"300\" src=\"https:\/\/nuve.ee\/wp-content\/uploads\/2025\/07\/DHL.png\" class=\"attachment-full\" alt=\"\" srcset=\"https:\/\/nuve.ee\/wp-content\/uploads\/2025\/07\/DHL.png 300w, https:\/\/nuve.ee\/wp-content\/uploads\/2025\/07\/DHL-150x150.png 150w, https:\/\/nuve.ee\/wp-content\/uploads\/2025\/07\/DHL-50x50.png 50w, https:\/\/nuve.ee\/wp-content\/uploads\/2025\/07\/DHL-100x100.png 100w\" sizes=\"(max-width: 300px) 100vw, 300px\" \/>                        <\/div>\r\n                                    <\/div>\r\n                            <div class=\"pxl-item elementor-repeater-item-495dbcb   wow fadeInUp\">\r\n                                            <div class=\"pxl-item--image\" data-parallax-value=\"130\">\r\n                            <img loading=\"lazy\" decoding=\"async\" width=\"300\" height=\"300\" src=\"https:\/\/nuve.ee\/wp-content\/uploads\/2025\/07\/Benu.png\" class=\"attachment-full\" alt=\"\" srcset=\"https:\/\/nuve.ee\/wp-content\/uploads\/2025\/07\/Benu.png 300w, https:\/\/nuve.ee\/wp-content\/uploads\/2025\/07\/Benu-150x150.png 150w, https:\/\/nuve.ee\/wp-content\/uploads\/2025\/07\/Benu-50x50.png 50w, https:\/\/nuve.ee\/wp-content\/uploads\/2025\/07\/Benu-100x100.png 100w\" sizes=\"(max-width: 300px) 100vw, 300px\" \/>                        <\/div>\r\n                                    <\/div>\r\n                            <div class=\"pxl-item elementor-repeater-item-4d05cff   wow fadeInUp\">\r\n                                            <div class=\"pxl-item--image\" data-parallax-value=\"140\">\r\n                            <img loading=\"lazy\" decoding=\"async\" width=\"300\" height=\"300\" src=\"https:\/\/nuve.ee\/wp-content\/uploads\/2025\/07\/SOL.png\" class=\"attachment-full\" alt=\"\" srcset=\"https:\/\/nuve.ee\/wp-content\/uploads\/2025\/07\/SOL.png 300w, https:\/\/nuve.ee\/wp-content\/uploads\/2025\/07\/SOL-150x150.png 150w, https:\/\/nuve.ee\/wp-content\/uploads\/2025\/07\/SOL-50x50.png 50w, https:\/\/nuve.ee\/wp-content\/uploads\/2025\/07\/SOL-100x100.png 100w\" sizes=\"(max-width: 300px) 100vw, 300px\" \/>                        <\/div>\r\n                                    <\/div>\r\n                            <div class=\"pxl-item elementor-repeater-item-751fecc   wow fadeInUp\">\r\n                                            <div class=\"pxl-item--image\" data-parallax-value=\"150\">\r\n                            <img loading=\"lazy\" decoding=\"async\" width=\"300\" height=\"300\" src=\"https:\/\/nuve.ee\/wp-content\/uploads\/2025\/07\/Bite.png\" class=\"attachment-full\" alt=\"\" srcset=\"https:\/\/nuve.ee\/wp-content\/uploads\/2025\/07\/Bite.png 300w, https:\/\/nuve.ee\/wp-content\/uploads\/2025\/07\/Bite-150x150.png 150w, https:\/\/nuve.ee\/wp-content\/uploads\/2025\/07\/Bite-50x50.png 50w, https:\/\/nuve.ee\/wp-content\/uploads\/2025\/07\/Bite-100x100.png 100w\" sizes=\"(max-width: 300px) 100vw, 300px\" \/>                        <\/div>\r\n                                    <\/div>\r\n                            <div class=\"pxl-item elementor-repeater-item-0a628c3   wow fadeInUp\">\r\n                                            <div class=\"pxl-item--image\" data-parallax-value=\"160\">\r\n                            <img loading=\"lazy\" decoding=\"async\" width=\"300\" height=\"300\" src=\"https:\/\/nuve.ee\/wp-content\/uploads\/2025\/07\/Inter-Cars.png\" class=\"attachment-full\" alt=\"\" srcset=\"https:\/\/nuve.ee\/wp-content\/uploads\/2025\/07\/Inter-Cars.png 300w, https:\/\/nuve.ee\/wp-content\/uploads\/2025\/07\/Inter-Cars-150x150.png 150w, https:\/\/nuve.ee\/wp-content\/uploads\/2025\/07\/Inter-Cars-50x50.png 50w, https:\/\/nuve.ee\/wp-content\/uploads\/2025\/07\/Inter-Cars-100x100.png 100w\" sizes=\"(max-width: 300px) 100vw, 300px\" \/>                        <\/div>\r\n                                    <\/div>\r\n                    <\/div>\r\n    <\/div>\r\n\t\t\t\t<\/div>\n\t\t\t\t<\/div>\n\t\t            <\/div>\r\n        <\/div>\r\n        \t\t\t<\/div>\n\t\t<\/section>\n\t\t        <section class=\"elementor-section elementor-top-section elementor-element elementor-element-bfb70de elementor-section-stretched elementor-section-boxed elementor-section-height-default elementor-section-height-default pxl-row-scroll-none pxl-zoom-point-false pxl-section-overflow-visible pxl-section-fix-none pxl-bg-color-none pxl-section-overlay-none\" data-id=\"bfb70de\" data-element_type=\"section\" data-e-type=\"section\" data-settings=\"{&quot;stretch_section&quot;:&quot;section-stretched&quot;}\">\n\n                \n                <div class=\"elementor-container elementor-column-gap-extended\">\n                <div class=\"elementor-column elementor-col-100 elementor-top-column elementor-element elementor-element-bd5ac4d pxl-column-none pxl-column-overflow-hidden-no\" data-id=\"bd5ac4d\" data-element_type=\"column\" data-e-type=\"column\">\r\n        <div class=\"elementor-widget-wrap elementor-element-populated\">\r\n                     \r\n        \t\t<div class=\"elementor-element elementor-element-8bdc724 elementor-widget__width-auto elementor-widget-laptop__width-initial elementor-widget-tablet__width-inherit elementor-widget elementor-widget-pxl_heading\" data-id=\"8bdc724\" data-element_type=\"widget\" data-e-type=\"widget\" data-widget_type=\"pxl_heading.default\">\n\t\t\t\t<div class=\"elementor-widget-container\">\n\t\t\t\t\t\n<div id=\"pxl-pxl_heading-8bdc724-4947\" class=\"pxl-heading\" >\n\t<div class=\"pxl-heading--container\" >\n\t\t<div class=\"pxl-heading--inner\">\n\t\t\t\t\t\t\t\t\t<h2 class=\"pxl-item--title pxl-heading-style-1  wow fadeInUp\" data-wow-delay=\"ms\">\n\t\t\t\tNuve Partners on uhke, et on teinud koost\u00f6\u00f6d             <span class=\"pxl-title--highlight\">\n                juhtivate kohalike ja rahvusvaheliste            <\/span>\n         investoritega\t\t\t\t\t\n\t\t\t\t\t\t\t<\/h2>\n\t\t<\/div>\n\t\t\n\t<\/div>\n<\/div>\n\t\t\t\t<\/div>\n\t\t\t\t<\/div>\n\t\t\t\t<div class=\"elementor-element elementor-element-1fcfe51 elementor-widget-laptop__width-initial elementor-widget elementor-widget-pxl_text_editor\" data-id=\"1fcfe51\" data-element_type=\"widget\" data-e-type=\"widget\" data-widget_type=\"pxl_text_editor.default\">\n\t\t\t\t<div class=\"elementor-widget-container\">\n\t\t\t\t\t<div class=\"pxl-text-editor\">\n\t<div class=\"pxl-item--inner\" data-wow-delay=\"ms\">\n\t\t<p>Nagu \u00fclemaailmne varahaldur ICG (AUM 100+ miljardit eurot), sale-leaseback investor LCN Capital Partners (AUM 6+ miljardit eurot), Vienna Insurance Groupi ettev\u00f5tted (AUM 50+ miljardit eurot), samuti kohalikud pensionifondid, mida haldavad Swedbank ja LHV.<\/p>\t\t\n\t<\/div>\n<\/div>\t\t\t\t<\/div>\n\t\t\t\t<\/div>\n\t\t\t\t<div class=\"elementor-element elementor-element-d742e94 elementor-widget elementor-widget-pxl_text_editor\" data-id=\"d742e94\" data-element_type=\"widget\" data-e-type=\"widget\" data-widget_type=\"pxl_text_editor.default\">\n\t\t\t\t<div class=\"elementor-widget-container\">\n\t\t\t\t\t<div class=\"pxl-text-editor\">\n\t<div class=\"pxl-item--inner\" data-wow-delay=\"ms\">\n\t\t\t\t\n\t<\/div>\n<\/div>\t\t\t\t<\/div>\n\t\t\t\t<\/div>\n\t\t\t\t<div class=\"elementor-element elementor-element-1d81a84 elementor-widget elementor-widget-pxl_image_grid\" data-id=\"1d81a84\" data-element_type=\"widget\" data-e-type=\"widget\" data-widget_type=\"pxl_image_grid.default\">\n\t\t\t\t<div class=\"elementor-widget-container\">\n\t\t\t\t\t\r\n    <div class=\"pxl-grid pxl-image-grid pxl-image-grid1\">\r\n        <div class=\"pxl-grid-inner\">\r\n                            <div class=\"pxl-item elementor-repeater-item-df944c0   wow fadeInUp\">\r\n                                            <div class=\"pxl-item--image\" data-parallax-value=\"50\">\r\n                            <img loading=\"lazy\" decoding=\"async\" width=\"300\" height=\"300\" src=\"https:\/\/nuve.ee\/wp-content\/uploads\/2025\/07\/ICG.png\" class=\"attachment-full\" alt=\"\" srcset=\"https:\/\/nuve.ee\/wp-content\/uploads\/2025\/07\/ICG.png 300w, https:\/\/nuve.ee\/wp-content\/uploads\/2025\/07\/ICG-150x150.png 150w, https:\/\/nuve.ee\/wp-content\/uploads\/2025\/07\/ICG-50x50.png 50w, https:\/\/nuve.ee\/wp-content\/uploads\/2025\/07\/ICG-100x100.png 100w\" sizes=\"(max-width: 300px) 100vw, 300px\" \/>                        <\/div>\r\n                                    <\/div>\r\n                            <div class=\"pxl-item elementor-repeater-item-b5e4e40   wow fadeInUp\">\r\n                                            <div class=\"pxl-item--image\" data-parallax-value=\"60\">\r\n                            <img loading=\"lazy\" decoding=\"async\" width=\"300\" height=\"300\" src=\"https:\/\/nuve.ee\/wp-content\/uploads\/2025\/07\/LCN.png\" class=\"attachment-full\" alt=\"\" srcset=\"https:\/\/nuve.ee\/wp-content\/uploads\/2025\/07\/LCN.png 300w, https:\/\/nuve.ee\/wp-content\/uploads\/2025\/07\/LCN-150x150.png 150w, https:\/\/nuve.ee\/wp-content\/uploads\/2025\/07\/LCN-50x50.png 50w, https:\/\/nuve.ee\/wp-content\/uploads\/2025\/07\/LCN-100x100.png 100w\" sizes=\"(max-width: 300px) 100vw, 300px\" \/>                        <\/div>\r\n                                    <\/div>\r\n                            <div class=\"pxl-item elementor-repeater-item-b9a2c5c   wow fadeInUp\">\r\n                                            <div class=\"pxl-item--image\" data-parallax-value=\"70\">\r\n                            <img loading=\"lazy\" decoding=\"async\" width=\"300\" height=\"300\" src=\"https:\/\/nuve.ee\/wp-content\/uploads\/2025\/07\/VIG.png\" class=\"attachment-full\" alt=\"\" srcset=\"https:\/\/nuve.ee\/wp-content\/uploads\/2025\/07\/VIG.png 300w, https:\/\/nuve.ee\/wp-content\/uploads\/2025\/07\/VIG-150x150.png 150w, https:\/\/nuve.ee\/wp-content\/uploads\/2025\/07\/VIG-50x50.png 50w, https:\/\/nuve.ee\/wp-content\/uploads\/2025\/07\/VIG-100x100.png 100w\" sizes=\"(max-width: 300px) 100vw, 300px\" \/>                        <\/div>\r\n                                    <\/div>\r\n                            <div class=\"pxl-item elementor-repeater-item-970909f   wow fadeInUp\">\r\n                                            <div class=\"pxl-item--image\" data-parallax-value=\"80\">\r\n                            <img loading=\"lazy\" decoding=\"async\" width=\"300\" height=\"300\" src=\"https:\/\/nuve.ee\/wp-content\/uploads\/2025\/07\/Swedbank.png\" class=\"attachment-full\" alt=\"\" srcset=\"https:\/\/nuve.ee\/wp-content\/uploads\/2025\/07\/Swedbank.png 300w, https:\/\/nuve.ee\/wp-content\/uploads\/2025\/07\/Swedbank-150x150.png 150w, https:\/\/nuve.ee\/wp-content\/uploads\/2025\/07\/Swedbank-50x50.png 50w, https:\/\/nuve.ee\/wp-content\/uploads\/2025\/07\/Swedbank-100x100.png 100w\" sizes=\"(max-width: 300px) 100vw, 300px\" \/>                        <\/div>\r\n                                    <\/div>\r\n                            <div class=\"pxl-item elementor-repeater-item-dc06c83   wow fadeInUp\">\r\n                                            <div class=\"pxl-item--image\" data-parallax-value=\"90\">\r\n                            <img loading=\"lazy\" decoding=\"async\" width=\"300\" height=\"300\" src=\"https:\/\/nuve.ee\/wp-content\/uploads\/2025\/07\/LHV.png\" class=\"attachment-full\" alt=\"\" srcset=\"https:\/\/nuve.ee\/wp-content\/uploads\/2025\/07\/LHV.png 300w, https:\/\/nuve.ee\/wp-content\/uploads\/2025\/07\/LHV-150x150.png 150w, https:\/\/nuve.ee\/wp-content\/uploads\/2025\/07\/LHV-50x50.png 50w, https:\/\/nuve.ee\/wp-content\/uploads\/2025\/07\/LHV-100x100.png 100w\" sizes=\"(max-width: 300px) 100vw, 300px\" \/>                        <\/div>\r\n                                    <\/div>\r\n                    <\/div>\r\n    <\/div>\r\n\t\t\t\t<\/div>\n\t\t\t\t<\/div>\n\t\t            <\/div>\r\n        <\/div>\r\n        \t\t\t<\/div>\n\t\t<\/section>\n\t\t\t\t<\/div>","protected":false},"excerpt":{"rendered":"<p>Lasting value is created when the interests of tenants and property owners are aligned At Nuve Partners, we work to build that alignment every day. We are proud to serve some of the region\u2019s leading retail chains &#8211; creating future-proof, high-quality environments where they can thrive. Nuve Partners is involved in every property on a [&hellip;]<\/p>\n","protected":false},"author":1,"featured_media":0,"parent":0,"menu_order":0,"comment_status":"closed","ping_status":"closed","template":"","meta":{"iawp_total_views":128,"footnotes":""},"class_list":["post-2240","page","type-page","status-publish","hentry"],"_links":{"self":[{"href":"https:\/\/nuve.ee\/et\/wp-json\/wp\/v2\/pages\/2240","targetHints":{"allow":["GET"]}}],"collection":[{"href":"https:\/\/nuve.ee\/et\/wp-json\/wp\/v2\/pages"}],"about":[{"href":"https:\/\/nuve.ee\/et\/wp-json\/wp\/v2\/types\/page"}],"author":[{"embeddable":true,"href":"https:\/\/nuve.ee\/et\/wp-json\/wp\/v2\/users\/1"}],"replies":[{"embeddable":true,"href":"https:\/\/nuve.ee\/et\/wp-json\/wp\/v2\/comments?post=2240"}],"version-history":[{"count":80,"href":"https:\/\/nuve.ee\/et\/wp-json\/wp\/v2\/pages\/2240\/revisions"}],"predecessor-version":[{"id":25971,"href":"https:\/\/nuve.ee\/et\/wp-json\/wp\/v2\/pages\/2240\/revisions\/25971"}],"wp:attachment":[{"href":"https:\/\/nuve.ee\/et\/wp-json\/wp\/v2\/media?parent=2240"}],"curies":[{"name":"wp","href":"https:\/\/api.w.org\/{rel}","templated":true}]}}